{"id":11676,"date":"2024-08-15T13:10:36","date_gmt":"2024-08-15T12:10:36","guid":{"rendered":"https:\/\/qticket.com\/?page_id=11676"},"modified":"2024-08-20T08:50:37","modified_gmt":"2024-08-20T07:50:37","slug":"warunki","status":"publish","type":"page","link":"https:\/\/www.qticket.pl\/pl\/warunki\/","title":{"rendered":"Warunki"},"content":{"rendered":"<p>[vc_row][vc_column][vc_column_text]Pobieraj\u0105c lub u\u017cywaj\u0105c aplikacji, automatycznie zgadzasz si\u0119 na te warunki \u2013 dlatego przed u\u017cyciem aplikacji powiniene\u015b je dok\u0142adnie przeczyta\u0107. Nie wolno kopiowa\u0107 ani modyfikowa\u0107 aplikacji, \u017cadnej jej cz\u0119\u015bci ani naszych znak\u00f3w towarowych w jakikolwiek spos\u00f3b. Nie wolno pr\u00f3bowa\u0107 uzyska\u0107 kodu \u017ar\u00f3d\u0142owego aplikacji ani pr\u00f3bowa\u0107 t\u0142umaczy\u0107 aplikacji na inne j\u0119zyki, ani tworzy\u0107 wersji pochodnych. Sama aplikacja, a tak\u017ce wszystkie znaki towarowe, prawa autorskie, prawa do baz danych i inne prawa w\u0142asno\u015bci intelektualnej z ni\u0105 zwi\u0105zane nadal nale\u017c\u0105 do SIA Qtech.<br \/>\nSIA Qtech zobowi\u0105zuje si\u0119 do zapewnienia, \u017ce aplikacja b\u0119dzie jak najbardziej u\u017cyteczna i wydajna. Z tego powodu zastrzegamy sobie prawo do wprowadzania zmian w aplikacji lub pobierania op\u0142at za jej us\u0142ugi w dowolnym czasie i z dowolnej przyczyny. Nigdy nie b\u0119dziemy pobiera\u0107 op\u0142at za aplikacj\u0119 lub jej us\u0142ugi bez wyra\u017anego poinformowania ci\u0119, za co dok\u0142adnie p\u0142acisz.<br \/>\nAplikacja Qticket przechowuje i przetwarza dane osobowe, kt\u00f3re nam przekaza\u0142e\u015b, aby \u015bwiadczy\u0107 nasz\u0105 us\u0142ug\u0119. Jeste\u015b odpowiedzialny za bezpiecze\u0144stwo swojego telefonu i dost\u0119pu do aplikacji. Dlatego zalecamy, aby\u015b nie przeprowadza\u0142 jailbreaku ani rootowania telefonu, co jest procesem usuwania ogranicze\u0144 na\u0142o\u017conych przez oficjalny system operacyjny urz\u0105dzenia. Mo\u017ce to uczyni\u0107 tw\u00f3j telefon podatnym na z\u0142o\u015bliwe oprogramowanie\/wirusy\/z\u0142o\u015bliwe programy, naruszy\u0107 funkcje bezpiecze\u0144stwa telefonu i mo\u017ce spowodowa\u0107, \u017ce aplikacja Qticket nie b\u0119dzie dzia\u0142a\u0107 prawid\u0142owo lub w og\u00f3le.<br \/>\nAplikacja korzysta z us\u0142ug stron trzecich, kt\u00f3re maj\u0105 w\u0142asne warunki i zasady.<br \/>\nLink do warunk\u00f3w i zasad dostawc\u00f3w us\u0142ug stron trzecich, z kt\u00f3rych korzysta aplikacja:<\/p>\n<div>\n<ul>\n<li><span style=\"color: #000000;\"><a style=\"color: #000000;\" href=\"https:\/\/policies.google.com\/terms?hl=pl\" target=\"_blank\" rel=\"noopener noreferrer\">Google Play Us\u0142ugi<\/a><\/span><\/li>\n<li><span style=\"color: #000000;\"><a style=\"color: #000000;\" href=\"https:\/\/firebase.google.com\/terms\/analytics\" target=\"_blank\" rel=\"noopener noreferrer\">Google Analytics for Firebase<\/a><\/span><\/li>\n<\/ul>\n<\/div>\n<p>Powiniene\u015b wiedzie\u0107, \u017ce istniej\u0105 pewne rzeczy, za kt\u00f3re SIA Qtech nie bierze odpowiedzialno\u015bci. Niekt\u00f3re funkcje aplikacji b\u0119d\u0105 wymaga\u0142y aktywnego po\u0142\u0105czenia z internetem. Po\u0142\u0105czenie mo\u017ce by\u0107 przez Wi-Fi lub dostarczone przez twojego dostawc\u0119 sieci kom\u00f3rkowej, ale SIA Qtech nie bierze odpowiedzialno\u015bci za to, \u017ce aplikacja nie dzia\u0142a w pe\u0142ni funkcjonalnie, je\u015bli nie masz dost\u0119pu do Wi-Fi lub sko\u0144czy\u0142 ci si\u0119 limit danych.<\/p>\n<p>Je\u015bli u\u017cywasz aplikacji poza zasi\u0119giem Wi-Fi, pami\u0119taj, \u017ce warunki umowy z dostawc\u0105 sieci kom\u00f3rkowej nadal b\u0119d\u0105 mia\u0142y zastosowanie. W zwi\u0105zku z tym dostawca sieci kom\u00f3rkowej mo\u017ce obci\u0105\u017cy\u0107 ci\u0119 kosztami transmisji danych za czas trwania po\u0142\u0105czenia podczas korzystania z aplikacji, a tak\u017ce innymi op\u0142atami stron trzecich. Korzystaj\u0105c z aplikacji, przyjmujesz na siebie odpowiedzialno\u015b\u0107 za takie op\u0142aty, w tym op\u0142aty za roaming danych, je\u015bli u\u017cywasz aplikacji poza swoim krajem (np. regionem lub krajem) bez wy\u0142\u0105czenia roamingu danych. Je\u015bli nie jeste\u015b p\u0142atnikiem rachunku za urz\u0105dzenie, na kt\u00f3rym u\u017cywasz aplikacji, upewnij si\u0119, \u017ce uzyska\u0142e\u015b zgod\u0119 p\u0142atnika na korzystanie z aplikacji.<\/p>\n<p>Podobnie SIA Qtech nie zawsze mo\u017ce wzi\u0105\u0107 odpowiedzialno\u015bci za spos\u00f3b, w jaki korzystasz z aplikacji, tj. musisz upewni\u0107 si\u0119, \u017ce twoje urz\u0105dzenie jest na\u0142adowane \u2013 je\u015bli si\u0119 roz\u0142aduje i nie mo\u017cesz go w\u0142\u0105czy\u0107, aby skorzysta\u0107 z us\u0142ugi, SIA Qtech nie ponosi odpowiedzialno\u015bci.<\/p>\n<p>Je\u015bli chodzi o odpowiedzialno\u015b\u0107 SIA Qtech za korzystanie z aplikacji, wa\u017cne jest, aby pami\u0119ta\u0107, \u017ce chocia\u017c staramy si\u0119, aby by\u0142a aktualizowana i poprawna przez ca\u0142y czas, polegamy na stronach trzecich, kt\u00f3re dostarczaj\u0105 nam informacje, aby\u015bmy mogli je udost\u0119pni\u0107 tobie. SIA Qtech nie ponosi odpowiedzialno\u015bci za jakiekolwiek straty bezpo\u015brednie lub po\u015brednie, kt\u00f3re ponosisz w wyniku polegania wy\u0142\u0105cznie na tej funkcji aplikacji.<\/p>\n<p>Mo\u017cliwe, \u017ce b\u0119dziemy chcieli zaktualizowa\u0107 aplikacj\u0119. Aplikacja jest obecnie dost\u0119pna na Androida i iOS \u2013 wymagania dla obu system\u00f3w (oraz dla innych dodatkowych system\u00f3w, do kt\u00f3rych zdecydujemy si\u0119 rozszerzy\u0107 dost\u0119pno\u015b\u0107 aplikacji) mog\u0105 si\u0119 zmieni\u0107 i b\u0119dziesz musia\u0142 pobra\u0107 aktualizacje, je\u015bli chcesz nadal korzysta\u0107 z aplikacji. SIA Qtech nie obiecuje, \u017ce zawsze b\u0119dzie aktualizowa\u0107 aplikacj\u0119, aby by\u0142a odpowiednia dla ciebie i\/lub dzia\u0142a\u0142a z wersj\u0105 Androida i iOS, kt\u00f3r\u0105 zainstalowa\u0142e\u015b na swoim urz\u0105dzeniu. Jednak zobowi\u0105zujesz si\u0119 zawsze akceptowa\u0107 aktualizacje aplikacji, gdy s\u0105 ci oferowane. Mo\u017cemy r\u00f3wnie\u017c zrezygnowa\u0107 z udost\u0119pniania aplikacji i mo\u017cemy zako\u0144czy\u0107 korzystanie z niej w dowolnym momencie bez powiadomienia o zako\u0144czeniu. O ile nie powiemy ci inaczej, (a) prawa i licencje przyznane ci na mocy tych warunk\u00f3w zako\u0144cz\u0105 si\u0119; (b) musisz przesta\u0107 korzysta\u0107 z aplikacji i (w razie potrzeby) usun\u0105\u0107 j\u0105 z urz\u0105dzenia.<\/p>\n<p><strong>Zmiany w tych warunkach<\/strong><\/p>\n<p>Od czasu do czasu mo\u017cemy aktualizowa\u0107 nasze warunki i zasady. Dlatego zaleca si\u0119 okresowe przegl\u0105danie tej strony w poszukiwaniu jakichkolwiek zmian. Powiadomimy ci\u0119 o wszelkich zmianach, publikuj\u0105c nowe warunki i zasady na tej stronie. Te zmiany s\u0105 skuteczne natychmiast po ich opublikowaniu na tej stronie.<\/p>\n<p><strong>Skontaktuj si\u0119 z nami<\/strong><\/p>\n<p>Je\u015bli masz jakiekolwiek pytania lub sugestie dotycz\u0105ce naszych warunk\u00f3w i zasad, nie wahaj si\u0119 skontaktowa\u0107 z nami pod adresem info@qticket.com.[\/vc_column_text][\/vc_column][\/vc_row]<\/p>\n","protected":false},"excerpt":{"rendered":"<p>[vc_row][vc_column][vc_column_text]Pobieraj\u0105c lub u\u017cywaj\u0105c aplikacji, automatycznie zgadzasz si\u0119 na te warunki \u2013 dlatego przed u\u017cyciem aplikacji powiniene\u015b je dok\u0142adnie przeczyta\u0107. Nie [&hellip;]<\/p>\n","protected":false},"author":1,"featured_media":0,"parent":0,"menu_order":0,"comment_status":"closed","ping_status":"closed","template":"","meta":{"inline_featured_image":false},"yoast_head":"<!-- This site is optimized with the Yoast SEO plugin v15.5 - https:\/\/yoast.com\/wordpress\/plugins\/seo\/ -->\n<title>Warunki - Qticket<\/title>\n<meta name=\"robots\" content=\"index, follow, max-snippet:-1, max-image-preview:large, max-video-preview:-1\" \/>\n<link rel=\"canonical\" href=\"https:\/\/www.qticket.pl\/pl\/warunki\/\" \/>\n<meta property=\"og:locale\" content=\"pl_PL\" \/>\n<meta property=\"og:type\" content=\"article\" \/>\n<meta property=\"og:title\" content=\"Warunki - Qticket\" \/>\n<meta property=\"og:description\" content=\"[vc_row][vc_column][vc_column_text]Pobieraj\u0105c lub u\u017cywaj\u0105c aplikacji, automatycznie zgadzasz si\u0119 na te warunki \u2013 dlatego przed u\u017cyciem aplikacji powiniene\u015b je dok\u0142adnie przeczyta\u0107. Nie [&hellip;]\" \/>\n<meta property=\"og:url\" content=\"https:\/\/www.qticket.pl\/pl\/warunki\/\" \/>\n<meta property=\"og:site_name\" content=\"Qticket\" \/>\n<meta property=\"article:publisher\" content=\"https:\/\/www.facebook.com\/qticketapp\/\" \/>\n<meta property=\"article:modified_time\" content=\"2024-08-20T07:50:37+00:00\" \/>\n<meta name=\"twitter:label1\" content=\"Est. reading time\">\n\t<meta name=\"twitter:data1\" content=\"3 minuty\">\n<script type=\"application\/ld+json\" class=\"yoast-schema-graph\">{\"@context\":\"https:\/\/schema.org\",\"@graph\":[{\"@type\":\"Organization\",\"@id\":\"https:\/\/www.qticket.lt\/lt\/#organization\",\"name\":\"Qticket\",\"url\":\"https:\/\/www.qticket.lt\/lt\/\",\"sameAs\":[\"https:\/\/www.facebook.com\/qticketapp\/\",\"https:\/\/www.linkedin.com\/company\/qticket\/\"],\"logo\":{\"@type\":\"ImageObject\",\"@id\":\"https:\/\/www.qticket.lt\/lt\/#logo\",\"inLanguage\":\"pl-PL\",\"url\":\"https:\/\/www.qticket.pl\/wp-content\/uploads\/2020\/04\/qticket.logo_.icon_-1.png\",\"width\":567,\"height\":567,\"caption\":\"Qticket\"},\"image\":{\"@id\":\"https:\/\/www.qticket.lt\/lt\/#logo\"}},{\"@type\":\"WebSite\",\"@id\":\"https:\/\/www.qticket.lt\/lt\/#website\",\"url\":\"https:\/\/www.qticket.lt\/lt\/\",\"name\":\"Qticket\",\"description\":\"Just another WordPress site\",\"publisher\":{\"@id\":\"https:\/\/www.qticket.lt\/lt\/#organization\"},\"potentialAction\":[{\"@type\":\"SearchAction\",\"target\":\"https:\/\/www.qticket.lt\/lt\/?s={search_term_string}\",\"query-input\":\"required name=search_term_string\"}],\"inLanguage\":\"pl-PL\"},{\"@type\":\"WebPage\",\"@id\":\"https:\/\/www.qticket.pl\/pl\/warunki\/#webpage\",\"url\":\"https:\/\/www.qticket.pl\/pl\/warunki\/\",\"name\":\"Warunki - Qticket\",\"isPartOf\":{\"@id\":\"https:\/\/www.qticket.lt\/lt\/#website\"},\"datePublished\":\"2024-08-15T12:10:36+00:00\",\"dateModified\":\"2024-08-20T07:50:37+00:00\",\"inLanguage\":\"pl-PL\",\"potentialAction\":[{\"@type\":\"ReadAction\",\"target\":[\"https:\/\/www.qticket.pl\/pl\/warunki\/\"]}]}]}<\/script>\n<!-- \/ Yoast SEO plugin. -->","_links":{"self":[{"href":"https:\/\/www.qticket.pl\/pl\/wp-json\/wp\/v2\/pages\/11676"}],"collection":[{"href":"https:\/\/www.qticket.pl\/pl\/wp-json\/wp\/v2\/pages"}],"about":[{"href":"https:\/\/www.qticket.pl\/pl\/wp-json\/wp\/v2\/types\/page"}],"author":[{"embeddable":true,"href":"https:\/\/www.qticket.pl\/pl\/wp-json\/wp\/v2\/users\/1"}],"replies":[{"embeddable":true,"href":"https:\/\/www.qticket.pl\/pl\/wp-json\/wp\/v2\/comments?post=11676"}],"version-history":[{"count":3,"href":"https:\/\/www.qticket.pl\/pl\/wp-json\/wp\/v2\/pages\/11676\/revisions"}],"predecessor-version":[{"id":11699,"href":"https:\/\/www.qticket.pl\/pl\/wp-json\/wp\/v2\/pages\/11676\/revisions\/11699"}],"wp:attachment":[{"href":"https:\/\/www.qticket.pl\/pl\/wp-json\/wp\/v2\/media?parent=11676"}],"curies":[{"name":"wp","href":"https:\/\/api.w.org\/{rel}","templated":true}]}}