{"id":11456,"date":"2024-08-10T12:48:03","date_gmt":"2024-08-10T11:48:03","guid":{"rendered":"https:\/\/qticket.com\/?page_id=11456"},"modified":"2024-08-14T14:06:57","modified_gmt":"2024-08-14T13:06:57","slug":"zostan-partnerem","status":"publish","type":"page","link":"https:\/\/www.qticket.pl\/pl\/zostan-partnerem\/","title":{"rendered":"Zosta\u0144 partnerem"},"content":{"rendered":"<p>[vc_row full_width=&#8221;stretch_row&#8221; full_height=&#8221;yes&#8221; equal_height=&#8221;yes&#8221; content_placement=&#8221;middle&#8221; css=&#8221;.vc_custom_1620375926078{background-color: #00b3ff !important;}&#8221; el_class=&#8221;qt-gradient&#8221;][vc_column][vc_single_image image=&#8221;8576&#8243; alignment=&#8221;center&#8221;]<header class=\"kd-section-title col-lg-12 text-center     vc_custom_1723636966723\" ><h2 class=\"separator_off\" style=\"color: #ffffff;\">Nawi\u0105\u017cmy wsp\u00f3\u0142prac\u0119<\/h2><h6 class=\"subtitle \" style=\"color: #f9f9f9;\">Do\u0142\u0105cz do grona organizacji zaanga\u017cowanych w rozwi\u0105zywanie problem\u00f3w u\u017cytkownik\u00f3w, a na nowo odkryjesz interfejsy cyfrowe do codziennego u\u017cytku. Bardzo ch\u0119tnie nawi\u0105zujemy nowe relacje, tak\u017ce d\u0142ugotrwa\u0142e, oraz dzia\u0142amy w sektorze licencjonowania white-label na ca\u0142ym \u015bwiecie.<\/h6><\/header><header class=\"kd-section-title col-lg-12 text-center     vc_custom_1723636977542\" ><h5 class=\"separator_off\" style=\"color: #ffffff;\">Napisz do nas, aby dowiedzie\u0107 si\u0119, jak zadbamy o owocn\u0105 wsp\u00f3\u0142prac\u0119.<\/h5><\/header><a  class=\"tt_button tt_secondary_button btn_secondary_color hover_solid_secondary button-center panel-trigger-btn\" ><span class=\"prim_text\">Skontaktuj si\u0119 z nami<\/span><\/a>[\/vc_column][\/vc_row]<\/p>\n","protected":false},"excerpt":{"rendered":"<p>[vc_row full_width=&#8221;stretch_row&#8221; full_height=&#8221;yes&#8221; equal_height=&#8221;yes&#8221; content_placement=&#8221;middle&#8221; css=&#8221;.vc_custom_1620375926078{background-color: #00b3ff !important;}&#8221; el_class=&#8221;qt-gradient&#8221;][vc_column][vc_single_image image=&#8221;8576&#8243; alignment=&#8221;center&#8221;][\/vc_column][\/vc_row]<\/p>\n","protected":false},"author":1,"featured_media":0,"parent":0,"menu_order":0,"comment_status":"closed","ping_status":"closed","template":"","meta":{"inline_featured_image":false},"yoast_head":"<!-- This site is optimized with the Yoast SEO plugin v15.5 - https:\/\/yoast.com\/wordpress\/plugins\/seo\/ -->\n<title>Zosta\u0144 partnerem - Qticket<\/title>\n<meta name=\"robots\" content=\"index, follow, max-snippet:-1, max-image-preview:large, max-video-preview:-1\" \/>\n<link rel=\"canonical\" href=\"https:\/\/www.qticket.pl\/pl\/zostan-partnerem\/\" \/>\n<meta property=\"og:locale\" content=\"pl_PL\" \/>\n<meta property=\"og:type\" content=\"article\" \/>\n<meta property=\"og:title\" content=\"Zosta\u0144 partnerem - Qticket\" \/>\n<meta property=\"og:description\" content=\"[vc_row full_width=&#8221;stretch_row&#8221; full_height=&#8221;yes&#8221; equal_height=&#8221;yes&#8221; content_placement=&#8221;middle&#8221; css=&#8221;.vc_custom_1620375926078{background-color: #00b3ff !important;}&#8221; el_class=&#8221;qt-gradient&#8221;][vc_column][vc_single_image image=&#8221;8576&#8243; alignment=&#8221;center&#8221;][\/vc_column][\/vc_row]\" \/>\n<meta property=\"og:url\" content=\"https:\/\/www.qticket.pl\/pl\/zostan-partnerem\/\" \/>\n<meta property=\"og:site_name\" content=\"Qticket\" \/>\n<meta property=\"article:publisher\" content=\"https:\/\/www.facebook.com\/qticketapp\/\" \/>\n<meta property=\"article:modified_time\" content=\"2024-08-14T13:06:57+00:00\" \/>\n<meta name=\"twitter:label1\" content=\"Est. reading time\">\n\t<meta name=\"twitter:data1\" content=\"1 minuta\">\n<script type=\"application\/ld+json\" class=\"yoast-schema-graph\">{\"@context\":\"https:\/\/schema.org\",\"@graph\":[{\"@type\":\"Organization\",\"@id\":\"https:\/\/www.qticket.lt\/lt\/#organization\",\"name\":\"Qticket\",\"url\":\"https:\/\/www.qticket.lt\/lt\/\",\"sameAs\":[\"https:\/\/www.facebook.com\/qticketapp\/\",\"https:\/\/www.linkedin.com\/company\/qticket\/\"],\"logo\":{\"@type\":\"ImageObject\",\"@id\":\"https:\/\/www.qticket.lt\/lt\/#logo\",\"inLanguage\":\"pl-PL\",\"url\":\"https:\/\/www.qticket.pl\/wp-content\/uploads\/2020\/04\/qticket.logo_.icon_-1.png\",\"width\":567,\"height\":567,\"caption\":\"Qticket\"},\"image\":{\"@id\":\"https:\/\/www.qticket.lt\/lt\/#logo\"}},{\"@type\":\"WebSite\",\"@id\":\"https:\/\/www.qticket.lt\/lt\/#website\",\"url\":\"https:\/\/www.qticket.lt\/lt\/\",\"name\":\"Qticket\",\"description\":\"Just another WordPress site\",\"publisher\":{\"@id\":\"https:\/\/www.qticket.lt\/lt\/#organization\"},\"potentialAction\":[{\"@type\":\"SearchAction\",\"target\":\"https:\/\/www.qticket.lt\/lt\/?s={search_term_string}\",\"query-input\":\"required name=search_term_string\"}],\"inLanguage\":\"pl-PL\"},{\"@type\":\"WebPage\",\"@id\":\"https:\/\/www.qticket.pl\/pl\/zostan-partnerem\/#webpage\",\"url\":\"https:\/\/www.qticket.pl\/pl\/zostan-partnerem\/\",\"name\":\"Zosta\\u0144 partnerem - Qticket\",\"isPartOf\":{\"@id\":\"https:\/\/www.qticket.lt\/lt\/#website\"},\"datePublished\":\"2024-08-10T11:48:03+00:00\",\"dateModified\":\"2024-08-14T13:06:57+00:00\",\"inLanguage\":\"pl-PL\",\"potentialAction\":[{\"@type\":\"ReadAction\",\"target\":[\"https:\/\/www.qticket.pl\/pl\/zostan-partnerem\/\"]}]}]}<\/script>\n<!-- \/ Yoast SEO plugin. -->","_links":{"self":[{"href":"https:\/\/www.qticket.pl\/pl\/wp-json\/wp\/v2\/pages\/11456"}],"collection":[{"href":"https:\/\/www.qticket.pl\/pl\/wp-json\/wp\/v2\/pages"}],"about":[{"href":"https:\/\/www.qticket.pl\/pl\/wp-json\/wp\/v2\/types\/page"}],"author":[{"embeddable":true,"href":"https:\/\/www.qticket.pl\/pl\/wp-json\/wp\/v2\/users\/1"}],"replies":[{"embeddable":true,"href":"https:\/\/www.qticket.pl\/pl\/wp-json\/wp\/v2\/comments?post=11456"}],"version-history":[{"count":4,"href":"https:\/\/www.qticket.pl\/pl\/wp-json\/wp\/v2\/pages\/11456\/revisions"}],"predecessor-version":[{"id":11632,"href":"https:\/\/www.qticket.pl\/pl\/wp-json\/wp\/v2\/pages\/11456\/revisions\/11632"}],"wp:attachment":[{"href":"https:\/\/www.qticket.pl\/pl\/wp-json\/wp\/v2\/media?parent=11456"}],"curies":[{"name":"wp","href":"https:\/\/api.w.org\/{rel}","templated":true}]}}