{"id":11432,"date":"2021-02-23T09:53:22","date_gmt":"2021-02-23T09:53:22","guid":{"rendered":"https:\/\/qticket.com\/about-us\/"},"modified":"2024-08-14T13:03:53","modified_gmt":"2024-08-14T12:03:53","slug":"o-nas","status":"publish","type":"page","link":"https:\/\/www.qticket.pl\/pl\/o-nas\/","title":{"rendered":"O nas"},"content":{"rendered":"<p>[vc_row full_width=&#8221;stretch_row_content&#8221; full_height=&#8221;yes&#8221; css=&#8221;.vc_custom_1614160276285{padding-top: 200px !important;padding-bottom: 50px !important;background-color: #00b3ff !important;}&#8221;][vc_column width=&#8221;1\/6&#8243; offset=&#8221;vc_hidden-xs&#8221;][\/vc_column][vc_column width=&#8221;4\/6&#8243;]<header class=\"kd-section-title col-lg-12 text-center     vc_custom_1723636797855\" ><h2 class=\"separator_off\" style=\"color: #ffffff;\">Produktywne \u0142\u0105czenie ludzi z us\u0142ugami i us\u0142ug z lud\u017ami<\/h2><\/header>[\/vc_column][vc_column width=&#8221;1\/6&#8243; offset=&#8221;vc_hidden-xs&#8221;][\/vc_column][\/vc_row][vc_row full_width=&#8221;stretch_row_content_no_spaces&#8221; css=&#8221;.vc_custom_1539594909573{background-color: #f5f5f5 !important;}&#8221;][vc_column width=&#8221;1\/2&#8243; css=&#8221;.vc_custom_1522315111993{padding-top: 0px !important;}&#8221; offset=&#8221;vc_col-lg-6 vc_col-md-12&#8243;][vc_row_inner css=&#8221;.vc_custom_1620381068708{padding-top: 200px !important;padding-bottom: 200px !important;background-image: url(https:\/\/qticket.com\/wp-content\/uploads\/2021\/05\/people_line_1-1.png?id=10687) !important;background-position: center !important;background-repeat: no-repeat !important;background-size: cover !important;}&#8221;][vc_column_inner css=&#8221;.vc_custom_1511789291663{padding-top: 0px !important;padding-bottom: 0px !important;}&#8221;][vc_empty_space height=&#8221;200px&#8221;][\/vc_column_inner][\/vc_row_inner][\/vc_column][vc_column width=&#8221;1\/2&#8243; offset=&#8221;vc_col-lg-6 vc_col-md-12&#8243;][vc_row_inner css=&#8221;.vc_custom_1539595123771{padding-top: 150px !important;}&#8221;][vc_column_inner width=&#8221;1\/4&#8243; offset=&#8221;vc_hidden-xs&#8221;][\/vc_column_inner][vc_column_inner width=&#8221;1\/2&#8243; css=&#8221;.vc_custom_1522315135741{padding-bottom: 50px !important;}&#8221;]<header class=\"kd-section-title col-lg-12 text-center solid-line sep-border-width-3 80%    vc_custom_1723636816849\" ><h2 class=\"separator_on\" >Upraszczanie proces\u00f3w<\/h2><div class=\"kd-separator below_title\" style=\"width:80%;\"><div class=\"kd-separator-line\" ><\/div><\/div><h6 class=\"subtitle \" >Pozornie proste procesy mog\u0105 jednak okaza\u0107 si\u0119 zbyt skomplikowane. Nie marnuj zasob\u00f3w na to, co mo\u017cne zrobi\u0107 za Ciebie technologia, jednocze\u015bnie eliminuj\u0105c niedogodno\u015bci, z kt\u00f3rymi musz\u0105 mierzy\u0107 si\u0119 nie tylko klienci i firmy, ale i instytucje publiczne.<\/h6><\/header>[\/vc_column_inner][vc_column_inner width=&#8221;1\/4&#8243;][\/vc_column_inner][\/vc_row_inner][\/vc_column][\/vc_row][vc_row full_width=&#8221;stretch_row_content_no_spaces&#8221; css=&#8221;.vc_custom_1620384248787{background-color: #f5f5f5 !important;}&#8221;][vc_column width=&#8221;1\/2&#8243; offset=&#8221;vc_col-lg-6 vc_col-md-12&#8243;][vc_row_inner css=&#8221;.vc_custom_1539595317116{padding-top: 150px !important;}&#8221;][vc_column_inner width=&#8221;1\/4&#8243; offset=&#8221;vc_hidden-xs&#8221;][\/vc_column_inner][vc_column_inner width=&#8221;1\/2&#8243; css=&#8221;.vc_custom_1522315555118{padding-bottom: 50px !important;}&#8221;]<header class=\"kd-section-title col-lg-12 text-center solid-line sep-border-width-3 80%    vc_custom_1723636835435\" ><h2 class=\"separator_on\" >Najwa\u017cniejsi s\u0105 u\u017cytkownicy<\/h2><div class=\"kd-separator below_title\" style=\"width:80%;\"><div class=\"kd-separator-line\" ><\/div><\/div><h6 class=\"subtitle \" >W Qticket wierzymy, \u017ce technologia ma przede wszystkim pomaga\u0107 u\u017cytkownikom. Nasze oprogramowanie powsta\u0142o, aby za pomoc\u0105 wyj\u0105tkowo intuicyjnego interfejsu cyfrowego osi\u0105gn\u0105\u0107 najwi\u0119ksz\u0105 w historii p\u0142ynno\u015b\u0107 w dost\u0119pie do us\u0142ug.<\/h6><\/header>[\/vc_column_inner][vc_column_inner width=&#8221;1\/4&#8243; offset=&#8221;vc_hidden-xs&#8221;][\/vc_column_inner][\/vc_row_inner][\/vc_column][vc_column width=&#8221;1\/2&#8243; css=&#8221;.vc_custom_1522315574795{padding-top: 0px !important;}&#8221; offset=&#8221;vc_col-lg-6 vc_col-md-12&#8243;][vc_row_inner css=&#8221;.vc_custom_1620381227807{padding-top: 200px !important;padding-bottom: 200px !important;background-image: url(https:\/\/qticket.com\/wp-content\/uploads\/2021\/05\/people_line_2-1.png?id=10690) !important;background-position: center !important;background-repeat: no-repeat !important;background-size: cover !important;}&#8221;][vc_column_inner css=&#8221;.vc_custom_1511789291663{padding-top: 0px !important;padding-bottom: 0px !important;}&#8221;][vc_empty_space height=&#8221;200px&#8221;][\/vc_column_inner][\/vc_row_inner][\/vc_column][\/vc_row][vc_row full_width=&#8221;stretch_row_content_no_spaces&#8221; kd_bottom_separator_style=&#8221;triangle-left&#8221; kd_bottom_separator_height=&#8221;separator-height-small&#8221; kd_bottom_separator=&#8221;true&#8221; css=&#8221;.vc_custom_1620384632435{padding-bottom: 100px !important;background-color: #f7f4fa !important;}&#8221;][vc_column][vc_row_inner css=&#8221;.vc_custom_1539595317116{padding-top: 150px !important;}&#8221;][vc_column_inner]<header class=\"kd-section-title vc_col-lg-6 vc_col-sm-8 text-center     vc_custom_1723636876795\" ><h2 class=\"separator_off\" >Nasz zesp\u00f3\u0142<\/h2><h6 class=\"subtitle \" >Nasz zesp\u00f3\u0142 programist\u00f3w ma do\u015bwiadczenie we wsp\u00f3\u0142pracy z klientami z 18 kraj\u00f3w. Na swoim koncie mamy realizacj\u0119 projekt\u00f3w zleconych przez mi\u0119dzy innymi Vodafone, Organizacj\u0119 Narod\u00f3w Zjednoczonych, Santander Bank, Jaguar Land Rover czy FC Barcelona. Nasz konik to integracja system\u00f3w i rozw\u00f3j system\u00f3w mobilnych o najwy\u017cszym standardzie cyberbezpiecze\u0144stwa.<\/h6><\/header>[\/vc_column_inner][\/vc_row_inner][\/vc_column][\/vc_row][vc_row full_width=&#8221;stretch_row&#8221; content_placement=&#8221;middle&#8221; css=&#8221;.vc_custom_1614876082768{padding-bottom: 50px !important;}&#8221;][vc_column]<header class=\"kd-section-title col-lg-12 text-right     vc_custom_1723636894290\" ><h2 class=\"separator_off\" >Nasze relacje to pow\u00f3d do dumy<\/h2><h6 class=\"subtitle \" >Szczycimy si\u0119 wsp\u00f3\u0142prac\u0105 z organizacjami, kt\u00f3re my\u015bl\u0105 podobnie do nas:<\/h6><\/header>[vc_row_inner][vc_column_inner width=&#8221;1\/4&#8243; css=&#8221;.vc_custom_1614874780234{padding-top: 10px !important;padding-bottom: 10px !important;}&#8221; offset=&#8221;vc_col-xs-12&#8243;][vc_single_image image=&#8221;11452&#8243; alignment=&#8221;center&#8221; onclick=&#8221;custom_link&#8221; img_link_target=&#8221;_blank&#8221; css_animation=&#8221;none&#8221; link=&#8221;https:\/\/www.chamber.lv\/&#8221;][\/vc_column_inner][vc_column_inner width=&#8221;1\/4&#8243; css=&#8221;.vc_custom_1614874791982{padding-top: 10px !important;padding-bottom: 10px !important;}&#8221; offset=&#8221;vc_col-xs-12&#8243;][vc_single_image image=&#8221;11451&#8243; alignment=&#8221;center&#8221; onclick=&#8221;custom_link&#8221; img_link_target=&#8221;_blank&#8221; link=&#8221;https:\/\/inkubatori.magneticlatvia.lv\/&#8221;][\/vc_column_inner][vc_column_inner width=&#8221;1\/4&#8243; css=&#8221;.vc_custom_1614874804885{padding-top: 10px !important;padding-bottom: 10px !important;}&#8221; offset=&#8221;vc_col-xs-12&#8243;][vc_single_image image=&#8221;11450&#8243; alignment=&#8221;center&#8221; onclick=&#8221;custom_link&#8221; img_link_target=&#8221;_blank&#8221; link=&#8221;https:\/\/www.itbaltic.com\/&#8221;][\/vc_column_inner][vc_column_inner width=&#8221;1\/4&#8243; css=&#8221;.vc_custom_1614874819219{padding-top: 10px !important;padding-bottom: 10px !important;}&#8221;][vc_single_image image=&#8221;11449&#8243; alignment=&#8221;center&#8221; onclick=&#8221;custom_link&#8221; img_link_target=&#8221;_blank&#8221; link=&#8221;https:\/\/www.hansab.lv\/&#8221;][\/vc_column_inner][\/vc_row_inner][\/vc_column][\/vc_row][vc_row full_width=&#8221;stretch_row&#8221; kd_top_separator_style=&#8221;triangle-right&#8221; kd_top_separator_height=&#8221;separator-height-small&#8221; kd_top_separator=&#8221;true&#8221; css=&#8221;.vc_custom_1614876128533{padding-bottom: 50px !important;background-color: #f7f4fa !important;}&#8221;][vc_column width=&#8221;2\/3&#8243;]<header class=\"kd-section-title col-lg-12 text-left     vc_custom_1723636909977\" ><h2 class=\"separator_off\" >Pom\u00f3\u017c nam zwi\u0119kszy\u0107 nasz\u0105 widoczno\u015b\u0107<\/h2><h6 class=\"subtitle \" >O warto\u015bci technologii \u015bwiadcz\u0105 korzy\u015bci, jakie przynosi u\u017cytkownikom. Wesprzyj nas swoj\u0105 recenzj\u0105 tutaj:<\/h6><\/header>[\/vc_column][vc_column width=&#8221;1\/3&#8243;][\/vc_column][vc_column][vc_row_inner][vc_column_inner width=&#8221;1\/4&#8243; offset=&#8221;vc_col-xs-12&#8243; css=&#8221;.vc_custom_1620384948626{padding-top: 10px !important;padding-bottom: 10px !important;}&#8221;][vc_single_image image=&#8221;11445&#8243; alignment=&#8221;center&#8221; onclick=&#8221;custom_link&#8221; img_link_target=&#8221;_blank&#8221; link=&#8221;https:\/\/apps.apple.com\/lv\/app\/qticket-app\/id1501727061&#8243;][\/vc_column_inner][vc_column_inner width=&#8221;1\/4&#8243; css=&#8221;.vc_custom_1614875035424{padding-top: 10px !important;padding-bottom: 10px !important;}&#8221; offset=&#8221;vc_col-xs-12&#8243;][vc_single_image image=&#8221;11446&#8243; alignment=&#8221;center&#8221; onclick=&#8221;custom_link&#8221; img_link_target=&#8221;_blank&#8221; css_animation=&#8221;none&#8221; link=&#8221;https:\/\/play.google.com\/store\/apps\/details?id=app.qticket&#8221;][\/vc_column_inner][vc_column_inner width=&#8221;1\/4&#8243; css=&#8221;.vc_custom_1614875048380{padding-top: 10px !important;padding-bottom: 10px !important;}&#8221; offset=&#8221;vc_col-xs-12&#8243;][vc_single_image image=&#8221;11447&#8243; alignment=&#8221;center&#8221; onclick=&#8221;custom_link&#8221; link=&#8221;https:\/\/www.capterra.com\/p\/215548\/Qticket\/&#8221;][\/vc_column_inner][vc_column_inner width=&#8221;1\/4&#8243; css=&#8221;.vc_custom_1614875062956{padding-top: 10px !important;padding-bottom: 10px !important;}&#8221; offset=&#8221;vc_col-xs-12&#8243;][vc_single_image image=&#8221;11448&#8243; alignment=&#8221;center&#8221; onclick=&#8221;custom_link&#8221; img_link_target=&#8221;_blank&#8221; link=&#8221;https:\/\/www.g2.com\/products\/qticket\/reviews&#8221;][\/vc_column_inner][\/vc_row_inner][\/vc_column][\/vc_row][vc_row full_width=&#8221;stretch_row_content&#8221; content_placement=&#8221;middle&#8221; disable_element=&#8221;yes&#8221; css=&#8221;.vc_custom_1711114461925{padding-top: 50px !important;background-color: #00b3ff !important;}&#8221;][vc_column]<header class=\"kd-section-title col-lg-8 vc_col-sm-8 text-center     vc_custom_1626100657087\" ><h2 class=\"separator_off\" style=\"color: #ffffff;\">Find out what we\u2019ve been up to<\/h2><\/header><a  href=\"https:\/\/qticket.com\/news\/\"  target=\"_self\"  title=\"News\" class=\"tt_button tt_secondary_button btn_secondary_color hover_outline_secondary button-center button-action-link\" ><span class=\"prim_text\">News<\/span><\/a>[vc_single_image image=&#8221;10520&#8243; img_size=&#8221;340X400&#8243; alignment=&#8221;center&#8221; css_animation=&#8221;fadeInUp&#8221; css=&#8221;.vc_custom_1620384116902{padding-top: 40px !important;}&#8221;][\/vc_column][\/vc_row]<\/p>\n","protected":false},"excerpt":{"rendered":"<p>[vc_row full_width=&#8221;stretch_row_content&#8221; full_height=&#8221;yes&#8221; css=&#8221;.vc_custom_1614160276285{padding-top: 200px !important;padding-bottom: 50px !important;background-color: #00b3ff !important;}&#8221;][vc_column width=&#8221;1\/6&#8243; offset=&#8221;vc_hidden-xs&#8221;][\/vc_column][vc_column width=&#8221;4\/6&#8243;][\/vc_column][vc_column width=&#8221;1\/6&#8243; offset=&#8221;vc_hidden-xs&#8221;][\/vc_column][\/vc_row][vc_row full_width=&#8221;stretch_row_content_no_spaces&#8221; css=&#8221;.vc_custom_1539594909573{background-color: #f5f5f5 !important;}&#8221;][vc_column width=&#8221;1\/2&#8243; [&hellip;]<\/p>\n","protected":false},"author":1,"featured_media":0,"parent":0,"menu_order":0,"comment_status":"closed","ping_status":"closed","template":"","meta":{"inline_featured_image":false},"yoast_head":"<!-- This site is optimized with the Yoast SEO plugin v15.5 - https:\/\/yoast.com\/wordpress\/plugins\/seo\/ -->\n<title>O nas - Qticket<\/title>\n<meta name=\"robots\" content=\"index, follow, max-snippet:-1, max-image-preview:large, max-video-preview:-1\" \/>\n<link rel=\"canonical\" href=\"https:\/\/www.qticket.pl\/pl\/o-nas\/\" \/>\n<meta property=\"og:locale\" content=\"pl_PL\" \/>\n<meta property=\"og:type\" content=\"article\" \/>\n<meta property=\"og:title\" content=\"O nas - Qticket\" \/>\n<meta property=\"og:description\" content=\"[vc_row full_width=&#8221;stretch_row_content&#8221; full_height=&#8221;yes&#8221; css=&#8221;.vc_custom_1614160276285{padding-top: 200px !important;padding-bottom: 50px !important;background-color: #00b3ff !important;}&#8221;][vc_column width=&#8221;1\/6&#8243; offset=&#8221;vc_hidden-xs&#8221;][\/vc_column][vc_column width=&#8221;4\/6&#8243;][\/vc_column][vc_column width=&#8221;1\/6&#8243; offset=&#8221;vc_hidden-xs&#8221;][\/vc_column][\/vc_row][vc_row full_width=&#8221;stretch_row_content_no_spaces&#8221; css=&#8221;.vc_custom_1539594909573{background-color: #f5f5f5 !important;}&#8221;][vc_column width=&#8221;1\/2&#8243; [&hellip;]\" \/>\n<meta property=\"og:url\" content=\"https:\/\/www.qticket.pl\/pl\/o-nas\/\" \/>\n<meta property=\"og:site_name\" content=\"Qticket\" \/>\n<meta property=\"article:publisher\" content=\"https:\/\/www.facebook.com\/qticketapp\/\" \/>\n<meta property=\"article:modified_time\" content=\"2024-08-14T12:03:53+00:00\" \/>\n<meta name=\"twitter:label1\" content=\"Est. reading time\">\n\t<meta name=\"twitter:data1\" content=\"6 minut\">\n<script type=\"application\/ld+json\" class=\"yoast-schema-graph\">{\"@context\":\"https:\/\/schema.org\",\"@graph\":[{\"@type\":\"Organization\",\"@id\":\"https:\/\/www.qticket.lt\/lt\/#organization\",\"name\":\"Qticket\",\"url\":\"https:\/\/www.qticket.lt\/lt\/\",\"sameAs\":[\"https:\/\/www.facebook.com\/qticketapp\/\",\"https:\/\/www.linkedin.com\/company\/qticket\/\"],\"logo\":{\"@type\":\"ImageObject\",\"@id\":\"https:\/\/www.qticket.lt\/lt\/#logo\",\"inLanguage\":\"pl-PL\",\"url\":\"https:\/\/www.qticket.pl\/wp-content\/uploads\/2020\/04\/qticket.logo_.icon_-1.png\",\"width\":567,\"height\":567,\"caption\":\"Qticket\"},\"image\":{\"@id\":\"https:\/\/www.qticket.lt\/lt\/#logo\"}},{\"@type\":\"WebSite\",\"@id\":\"https:\/\/www.qticket.lt\/lt\/#website\",\"url\":\"https:\/\/www.qticket.lt\/lt\/\",\"name\":\"Qticket\",\"description\":\"Just another WordPress site\",\"publisher\":{\"@id\":\"https:\/\/www.qticket.lt\/lt\/#organization\"},\"potentialAction\":[{\"@type\":\"SearchAction\",\"target\":\"https:\/\/www.qticket.lt\/lt\/?s={search_term_string}\",\"query-input\":\"required name=search_term_string\"}],\"inLanguage\":\"pl-PL\"},{\"@type\":\"WebPage\",\"@id\":\"https:\/\/www.qticket.pl\/pl\/o-nas\/#webpage\",\"url\":\"https:\/\/www.qticket.pl\/pl\/o-nas\/\",\"name\":\"O nas - Qticket\",\"isPartOf\":{\"@id\":\"https:\/\/www.qticket.lt\/lt\/#website\"},\"datePublished\":\"2021-02-23T09:53:22+00:00\",\"dateModified\":\"2024-08-14T12:03:53+00:00\",\"inLanguage\":\"pl-PL\",\"potentialAction\":[{\"@type\":\"ReadAction\",\"target\":[\"https:\/\/www.qticket.pl\/pl\/o-nas\/\"]}]}]}<\/script>\n<!-- \/ Yoast SEO plugin. -->","_links":{"self":[{"href":"https:\/\/www.qticket.pl\/pl\/wp-json\/wp\/v2\/pages\/11432"}],"collection":[{"href":"https:\/\/www.qticket.pl\/pl\/wp-json\/wp\/v2\/pages"}],"about":[{"href":"https:\/\/www.qticket.pl\/pl\/wp-json\/wp\/v2\/types\/page"}],"author":[{"embeddable":true,"href":"https:\/\/www.qticket.pl\/pl\/wp-json\/wp\/v2\/users\/1"}],"replies":[{"embeddable":true,"href":"https:\/\/www.qticket.pl\/pl\/wp-json\/wp\/v2\/comments?post=11432"}],"version-history":[{"count":4,"href":"https:\/\/www.qticket.pl\/pl\/wp-json\/wp\/v2\/pages\/11432\/revisions"}],"predecessor-version":[{"id":11630,"href":"https:\/\/www.qticket.pl\/pl\/wp-json\/wp\/v2\/pages\/11432\/revisions\/11630"}],"wp:attachment":[{"href":"https:\/\/www.qticket.pl\/pl\/wp-json\/wp\/v2\/media?parent=11432"}],"curies":[{"name":"wp","href":"https:\/\/api.w.org\/{rel}","templated":true}]}}